{"id":97,"date":"2014-05-07T16:23:41","date_gmt":"2014-05-07T19:23:41","guid":{"rendered":"http:\/\/www.locahost.com.br\/new\/?page_id=97"},"modified":"2014-09-11T11:58:09","modified_gmt":"2014-09-11T14:58:09","slug":"sobre-a-locahost","status":"publish","type":"page","link":"http:\/\/www.locahost.com.br\/new\/sobre-a-locahost\/","title":{"rendered":"Sobre a Locahost"},"content":{"rendered":"<p>A Locahost est\u00e1 no mercado desde 2001 e foi criada pela<a href=\"http:\/\/www.interfix.com.br\" target=\"_blank\"> Interfix Inform\u00e1tica Ltda<\/a>\u00a0para atender o mercado de hospedagem de sites para todos os segmentos de empresas.<\/p>\n<p>Al\u00e9m dos planos de hospedagem de sites, oferecemos planos de revenda para Webdesigners ou outros profissionais que queiram administrar sua pr\u00f3pria carteira de clientes.<\/p>\n<p>Desde o in\u00edcio procuramos oferecer aos nossos clientes e parceiros, planos de hospedagem que atendessem suas necessidades e contassem com suporte t\u00e9cnico de qualidade.<\/p>\n<p>Nossa equipe \u00e9 composta por profissionais com mais de 10 anos de experi\u00eancia no setor de inform\u00e1tica e internet e est\u00e1 preparada para manter nossos servidores funcionando perfeitamente.<\/p>\n<p>Atualmente, contamos com mais de 15.000 sites hospedados em nossos servidores.<\/p>\n<p>Utilizamos datacenters de \u00faltima gera\u00e7\u00e3o no Brasil e nos USA que oferecem alta disponibilidade de recursos para que seu site tenha um \u00f3timo desempenho aliado com seguran\u00e7a e estabilidade.<\/p>\n<p><span style=\"color: #ff6600;\">Informa\u00e7\u00f5es<\/span><\/p>\n<p>Raz\u00e3o Social: Interfix Inform\u00e1tica LTDA ME<br \/>\nCNPJ: 01.705.030\/0001-66<\/p>\n<p><span style=\"color: #ff6600;\">Localiza\u00e7\u00e3o<\/span><\/p>\n<p>Rua Urussu\u00ed, 92 &#8211; CJ. 44 &#8211; Itaim Bibi<br \/>\nS\u00e3o Paulo &#8211; SP<br \/>\nCEP: 04542-050<\/p>\n","protected":false},"excerpt":{"rendered":"<p>A Locahost est\u00e1 no mercado desde 2001 e foi criada pela Interfix Inform\u00e1tica Ltda\u00a0para atender o mercado de hospedagem de sites para todos os segmentos de empresas. Al\u00e9m dos planos de hospedagem de sites, oferecemos planos de revenda para Webdesigners ou outros profissionais que queiram administrar sua pr\u00f3pria carteira de clientes. Desde o in\u00edcio procuramos [&hellip;]<\/p>\n","protected":false},"author":1,"featured_media":0,"parent":0,"menu_order":1,"comment_status":"closed","ping_status":"closed","template":"page-full.php","meta":[],"_links":{"self":[{"href":"http:\/\/www.locahost.com.br\/new\/wp-json\/wp\/v2\/pages\/97"}],"collection":[{"href":"http:\/\/www.locahost.com.br\/new\/wp-json\/wp\/v2\/pages"}],"about":[{"href":"http:\/\/www.locahost.com.br\/new\/wp-json\/wp\/v2\/types\/page"}],"author":[{"embeddable":true,"href":"http:\/\/www.locahost.com.br\/new\/wp-json\/wp\/v2\/users\/1"}],"replies":[{"embeddable":true,"href":"http:\/\/www.locahost.com.br\/new\/wp-json\/wp\/v2\/comments?post=97"}],"version-history":[{"count":6,"href":"http:\/\/www.locahost.com.br\/new\/wp-json\/wp\/v2\/pages\/97\/revisions"}],"predecessor-version":[{"id":525,"href":"http:\/\/www.locahost.com.br\/new\/wp-json\/wp\/v2\/pages\/97\/revisions\/525"}],"wp:attachment":[{"href":"http:\/\/www.locahost.com.br\/new\/wp-json\/wp\/v2\/media?parent=97"}],"curies":[{"name":"wp","href":"https:\/\/api.w.org\/{rel}","templated":true}]}}