{"id":70,"date":"2014-05-07T11:45:08","date_gmt":"2014-05-07T14:45:08","guid":{"rendered":"http:\/\/www.locahost.com.br\/new\/?page_id=70"},"modified":"2014-10-08T11:47:24","modified_gmt":"2014-10-08T14:47:24","slug":"inscricao-hospedagem","status":"publish","type":"page","link":"http:\/\/www.locahost.com.br\/new\/produtos-e-servicos\/hospedagem-de-sites\/inscricao-hospedagem\/","title":{"rendered":"Inscri\u00e7\u00e3o Hospedagem"},"content":{"rendered":"<p>Caso tenha alguma d\u00favida em preencher o formul\u00e1rio, entre em contato com nosso suporte: <b>(11) 2574-5768<\/b>.<\/p>\n<p><iframe loading=\"lazy\" src=\"http:\/\/www.locahost.com.br\/new\/form\/ctr_inscricao_hospedagem_passo1\/ctr_inscricao_hospedagem_passo1.php\" frameborder=\"0\" height=\"1400px\" width=\"100%\"><\/iframe><\/p>\n","protected":false},"excerpt":{"rendered":"<p>Caso tenha alguma d\u00favida em preencher o formul\u00e1rio, entre em contato com nosso suporte: (11) 2574-5768.<\/p>\n","protected":false},"author":1,"featured_media":0,"parent":245,"menu_order":0,"comment_status":"closed","ping_status":"closed","template":"page-full.php","meta":[],"_links":{"self":[{"href":"http:\/\/www.locahost.com.br\/new\/wp-json\/wp\/v2\/pages\/70"}],"collection":[{"href":"http:\/\/www.locahost.com.br\/new\/wp-json\/wp\/v2\/pages"}],"about":[{"href":"http:\/\/www.locahost.com.br\/new\/wp-json\/wp\/v2\/types\/page"}],"author":[{"embeddable":true,"href":"http:\/\/www.locahost.com.br\/new\/wp-json\/wp\/v2\/users\/1"}],"replies":[{"embeddable":true,"href":"http:\/\/www.locahost.com.br\/new\/wp-json\/wp\/v2\/comments?post=70"}],"version-history":[{"count":12,"href":"http:\/\/www.locahost.com.br\/new\/wp-json\/wp\/v2\/pages\/70\/revisions"}],"predecessor-version":[{"id":556,"href":"http:\/\/www.locahost.com.br\/new\/wp-json\/wp\/v2\/pages\/70\/revisions\/556"}],"up":[{"embeddable":true,"href":"http:\/\/www.locahost.com.br\/new\/wp-json\/wp\/v2\/pages\/245"}],"wp:attachment":[{"href":"http:\/\/www.locahost.com.br\/new\/wp-json\/wp\/v2\/media?parent=70"}],"curies":[{"name":"wp","href":"https:\/\/api.w.org\/{rel}","templated":true}]}}