{"id":498,"date":"2014-09-09T08:56:21","date_gmt":"2014-09-09T11:56:21","guid":{"rendered":"http:\/\/www.locahost.com.br\/new\/?page_id=498"},"modified":"2014-09-10T10:26:57","modified_gmt":"2014-09-10T13:26:57","slug":"inscricao-registro-de-dominio","status":"publish","type":"page","link":"http:\/\/www.locahost.com.br\/new\/produtos-e-servicos\/registro-de-dominios-gratis\/inscricao-registro-de-dominio\/","title":{"rendered":"Inscri\u00e7\u00e3o Registro de Dom\u00ednio"},"content":{"rendered":"<p>Caso tenha alguma dificuldade em preencher o formul\u00e1rio, entre em contato com nosso suporte: <b>(11) 2574-5768<\/b>.<\/p>\n<p><iframe loading=\"lazy\" src=\"http:\/\/www.locahost.com.br\/new\/form\/ctr_login_registro_dominio\/ctr_login_registro_dominio.php\" frameborder=\"0\" height=\"1400px\" width=\"100%\"><\/iframe><\/p>\n","protected":false},"excerpt":{"rendered":"<p>Caso tenha alguma dificuldade em preencher o formul\u00e1rio, entre em contato com nosso suporte: (11) 2574-5768.<\/p>\n","protected":false},"author":2,"featured_media":0,"parent":116,"menu_order":0,"comment_status":"closed","ping_status":"closed","template":"page-full.php","meta":[],"_links":{"self":[{"href":"http:\/\/www.locahost.com.br\/new\/wp-json\/wp\/v2\/pages\/498"}],"collection":[{"href":"http:\/\/www.locahost.com.br\/new\/wp-json\/wp\/v2\/pages"}],"about":[{"href":"http:\/\/www.locahost.com.br\/new\/wp-json\/wp\/v2\/types\/page"}],"author":[{"embeddable":true,"href":"http:\/\/www.locahost.com.br\/new\/wp-json\/wp\/v2\/users\/2"}],"replies":[{"embeddable":true,"href":"http:\/\/www.locahost.com.br\/new\/wp-json\/wp\/v2\/comments?post=498"}],"version-history":[{"count":3,"href":"http:\/\/www.locahost.com.br\/new\/wp-json\/wp\/v2\/pages\/498\/revisions"}],"predecessor-version":[{"id":523,"href":"http:\/\/www.locahost.com.br\/new\/wp-json\/wp\/v2\/pages\/498\/revisions\/523"}],"up":[{"embeddable":true,"href":"http:\/\/www.locahost.com.br\/new\/wp-json\/wp\/v2\/pages\/116"}],"wp:attachment":[{"href":"http:\/\/www.locahost.com.br\/new\/wp-json\/wp\/v2\/media?parent=498"}],"curies":[{"name":"wp","href":"https:\/\/api.w.org\/{rel}","templated":true}]}}