{"id":472,"date":"2014-09-02T16:55:37","date_gmt":"2014-09-02T19:55:37","guid":{"rendered":"http:\/\/www.locahost.com.br\/new\/?page_id=472"},"modified":"2014-09-10T10:27:48","modified_gmt":"2014-09-10T13:27:48","slug":"inscricao-programa-de-afiliados","status":"publish","type":"page","link":"http:\/\/www.locahost.com.br\/new\/programa-de-afiliados\/inscricao-programa-de-afiliados\/","title":{"rendered":"Inscri\u00e7\u00e3o Programa de Afiliados"},"content":{"rendered":"<p>Caso tenha alguma dificuldade em preencher o formul\u00e1rio, entre em contato com nosso suporte: <b>(11) 2574-5768<\/b>.<\/p>\n<p><iframe loading=\"lazy\" src=\"http:\/\/www.locahost.com.br\/new\/form\/ctr_login_inscricao_afiliados\/ctr_login_inscricao_afiliados.php\" frameborder=\"0\" height=\"1400px\" width=\"100%\"><\/iframe><\/p>\n","protected":false},"excerpt":{"rendered":"<p>Caso tenha alguma dificuldade em preencher o formul\u00e1rio, entre em contato com nosso suporte: (11) 2574-5768.<\/p>\n","protected":false},"author":1,"featured_media":0,"parent":101,"menu_order":1,"comment_status":"closed","ping_status":"closed","template":"page-full.php","meta":[],"_links":{"self":[{"href":"http:\/\/www.locahost.com.br\/new\/wp-json\/wp\/v2\/pages\/472"}],"collection":[{"href":"http:\/\/www.locahost.com.br\/new\/wp-json\/wp\/v2\/pages"}],"about":[{"href":"http:\/\/www.locahost.com.br\/new\/wp-json\/wp\/v2\/types\/page"}],"author":[{"embeddable":true,"href":"http:\/\/www.locahost.com.br\/new\/wp-json\/wp\/v2\/users\/1"}],"replies":[{"embeddable":true,"href":"http:\/\/www.locahost.com.br\/new\/wp-json\/wp\/v2\/comments?post=472"}],"version-history":[{"count":3,"href":"http:\/\/www.locahost.com.br\/new\/wp-json\/wp\/v2\/pages\/472\/revisions"}],"predecessor-version":[{"id":524,"href":"http:\/\/www.locahost.com.br\/new\/wp-json\/wp\/v2\/pages\/472\/revisions\/524"}],"up":[{"embeddable":true,"href":"http:\/\/www.locahost.com.br\/new\/wp-json\/wp\/v2\/pages\/101"}],"wp:attachment":[{"href":"http:\/\/www.locahost.com.br\/new\/wp-json\/wp\/v2\/media?parent=472"}],"curies":[{"name":"wp","href":"https:\/\/api.w.org\/{rel}","templated":true}]}}