{"id":245,"date":"2014-05-09T11:45:21","date_gmt":"2014-05-09T14:45:21","guid":{"rendered":"http:\/\/www.locahost.com.br\/new\/?page_id=245"},"modified":"2016-02-10T14:54:02","modified_gmt":"2016-02-10T17:54:02","slug":"hospedagem-de-sites","status":"publish","type":"page","link":"http:\/\/www.locahost.com.br\/new\/produtos-e-servicos\/hospedagem-de-sites\/","title":{"rendered":"Hospedagem de Sites"},"content":{"rendered":"<p>Escolha o plano de hospedagem de sites que atenda melhor a sua necessidade.<\/p>\n<div class='et-learn-more clearfix'>\n\t\t\t\t\t<h3 class='heading-more'>Qual o melhor servidor para a minha necessidade? Linux ou Windows?<span class='et_learnmore_arrow'><span><\/span><\/span><\/h3>\n\t\t\t\t\t<div class='learn-more-content'><p>Caso voc\u00ea tenha um site simples ou que utilize a linguagem de programa\u00e7\u00e3o PHP e banco de dados MySQL ou Postgres, os servidores Linux s\u00e3o mais recomendados.<\/p>\n<p>Apenas caso voc\u00ea tenha um site cuja linguagem de programa\u00e7\u00e3o seja ASP com o banco de dados Access ou MSSQL Server, o servidores Windows s\u00e3o recomendados.<\/div>\n\t\t\t\t<\/div>\n<div class='et-learn-more clearfix'>\n\t\t\t\t\t<h3 class='heading-more'>Eu preciso conhecer Linux para hospedar meu site em um servidor Linux?<span class='et_learnmore_arrow'><span><\/span><\/span><\/h3>\n\t\t\t\t\t<div class='learn-more-content'><p>N\u00e3o. O Linux \u00e9 apenas o sistema operacional do servidor, toda a interface para que voc\u00ea utilize o seu site e configure e-mails, arquivos e demais recursos ser\u00e3o feitos atrav\u00e9s do painel de controle chamado cPanel, cuja interface \u00e9 extremamente simples e intuitiva.<\/p>\n<p>Inclusive servidores Linux s\u00e3o mais recomendados para a hospedagem de sites, por ser um sistema operacional mais leve e com uma interface mais simples que o Windows, deixando mais recursos do servidor livres para que possam ser 100% dedicados apenas a performance de seu site.<\/div>\n\t\t\t\t<\/div>\n<p>&nbsp;<\/p>\n<h2><span style=\"color: #ff6600;\">Comparativo entre planos<\/span><\/h2>\n<p>&nbsp;<\/p>\n<table width=\"100%\">\n<tbody>\n<tr>\n<td class=\"comparativo_planos_header\"><\/td>\n<td class=\"comparativo_planos_header\"><strong>Econ\u00f4mico<\/strong><\/td>\n<td class=\"comparativo_planos_header\"><strong>WordPress<\/strong><\/td>\n<td class=\"comparativo_planos_header\"><strong>Profissional<\/strong><\/td>\n<td class=\"comparativo_planos_header\"><strong>Corporativo<\/strong><\/td>\n<\/tr>\n<tr>\n<td class=\"comparativo_planos_line_title\">Espa\u00e7o em Disco<\/td>\n<td class=\"comparativo_planos_line_content\">2GB<\/td>\n<td class=\"comparativo_planos_line_content\">5GB<\/td>\n<td class=\"comparativo_planos_line_content\">10GB<\/td>\n<td class=\"comparativo_planos_line_content\">30GB<\/td>\n<\/tr>\n<tr>\n<td class=\"comparativo_planos_line_title\">Transfer\u00eancia Mensal<\/td>\n<td class=\"comparativo_planos_line_content\">15GB<\/td>\n<td class=\"comparativo_planos_line_content\">15GB<\/td>\n<td class=\"comparativo_planos_line_content\">25GB<\/td>\n<td class=\"comparativo_planos_line_content\">50GB<\/td>\n<\/tr>\n<tr>\n<td class=\"comparativo_planos_line_title\">Contas de E-mail<\/td>\n<td class=\"comparativo_planos_line_content\">20<\/td>\n<td class=\"comparativo_planos_line_content\">30<\/td>\n<td class=\"comparativo_planos_line_content\">50<\/td>\n<td class=\"comparativo_planos_line_content\">80<\/td>\n<\/tr>\n<tr>\n<td class=\"comparativo_planos_line_title\">Apontamento de Dominios<\/td>\n<td class=\"comparativo_planos_line_content\">1<\/td>\n<td class=\"comparativo_planos_line_content\">3<\/td>\n<td class=\"comparativo_planos_line_content\">10<\/td>\n<td class=\"comparativo_planos_line_content\">20<\/td>\n<\/tr>\n<tr>\n<td class=\"comparativo_planos_line_title\">Subdom\u00ednios<\/td>\n<td class=\"comparativo_planos_line_content\">1<\/td>\n<td class=\"comparativo_planos_line_content\">1<\/td>\n<td class=\"comparativo_planos_line_content\">10<\/td>\n<td class=\"comparativo_planos_line_content\">20<\/td>\n<\/tr>\n<tr>\n<td class=\"comparativo_planos_line_title\">Bancos de Dados MySQL<\/td>\n<td class=\"comparativo_planos_line_content\">Ilimitados<\/td>\n<td class=\"comparativo_planos_line_content\">Ilimitados<\/td>\n<td class=\"comparativo_planos_line_content\">Ilimitados<\/td>\n<td class=\"comparativo_planos_line_content\">Ilimitados<\/td>\n<\/tr>\n<tr>\n<td class=\"comparativo_planos_line_title\">Bancos de Dados PostgreSQL<\/td>\n<td class=\"comparativo_planos_line_content\">Ilimitados<\/td>\n<td class=\"comparativo_planos_line_content\">Ilimitados<\/td>\n<td class=\"comparativo_planos_line_content\">Ilimitados<\/td>\n<td class=\"comparativo_planos_line_content\">Ilimitados<\/td>\n<\/tr>\n<tr>\n<td class=\"comparativo_planos_line_title\">Bancos de Dados Access (somente Windows)<\/td>\n<td class=\"comparativo_planos_line_content\">Ilimitados<\/td>\n<td class=\"comparativo_planos_line_content\">Ilimitados<\/td>\n<td class=\"comparativo_planos_line_content\">Ilimitados<\/td>\n<td class=\"comparativo_planos_line_content\">Ilimitados<\/td>\n<\/tr>\n<tr>\n<td class=\"comparativo_planos_line_title\">Bancos de Dados SQLServer (somente Windows)<\/td>\n<td class=\"comparativo_planos_line_content\">0<\/td>\n<td class=\"comparativo_planos_line_content\">0<\/td>\n<td class=\"comparativo_planos_line_content\">1<\/td>\n<td class=\"comparativo_planos_line_content\">2<\/td>\n<\/tr>\n<tr>\n<td class=\"comparativo_planos_line_title\">Painel de Controle cPanel e Plesk<\/td>\n<td class=\"comparativo_planos_line_content\"><img src=\"http:\/\/www.locahost.com.br\/new\/wp-content\/uploads\/2014\/05\/yes.png\" alt=\"\" \/><\/td>\n<td class=\"comparativo_planos_line_content\">cPanel<\/td>\n<td class=\"comparativo_planos_line_content\"><img src=\"http:\/\/www.locahost.com.br\/new\/wp-content\/uploads\/2014\/05\/yes.png\" alt=\"\" \/><\/td>\n<td class=\"comparativo_planos_line_content\"><img src=\"http:\/\/www.locahost.com.br\/new\/wp-content\/uploads\/2014\/05\/yes.png\" alt=\"\" \/><\/td>\n<\/tr>\n<tr>\n<td class=\"comparativo_planos_line_title\">Plataforma Linux e Windows<\/td>\n<td class=\"comparativo_planos_line_content\"><img src=\"http:\/\/www.locahost.com.br\/new\/wp-content\/uploads\/2014\/05\/yes.png\" alt=\"\" \/><\/td>\n<td class=\"comparativo_planos_line_content\">Somente Linux<\/td>\n<td class=\"comparativo_planos_line_content\"><img src=\"http:\/\/www.locahost.com.br\/new\/wp-content\/uploads\/2014\/05\/yes.png\" alt=\"\" \/><\/td>\n<td class=\"comparativo_planos_line_content\"><img src=\"http:\/\/www.locahost.com.br\/new\/wp-content\/uploads\/2014\/05\/yes.png\" alt=\"\" \/><\/td>\n<\/tr>\n<tr>\n<td class=\"comparativo_planos_line_title\">WordPress Pr\u00e9-Instalado<\/td>\n<td class=\"comparativo_planos_line_content\"><img src=\"http:\/\/www.locahost.com.br\/new\/wp-content\/uploads\/2014\/05\/no.png\" alt=\"\" \/><\/td>\n<td class=\"comparativo_planos_line_content\"><img src=\"http:\/\/www.locahost.com.br\/new\/wp-content\/uploads\/2014\/05\/yes.png\" alt=\"\" \/><\/td>\n<td class=\"comparativo_planos_line_content\"><img src=\"http:\/\/www.locahost.com.br\/new\/wp-content\/uploads\/2014\/05\/no.png\" alt=\"\" \/><\/td>\n<td class=\"comparativo_planos_line_content\"><img src=\"http:\/\/www.locahost.com.br\/new\/wp-content\/uploads\/2014\/05\/no.png\" alt=\"\" \/><\/td>\n<\/tr>\n<tr>\n<td class=\"comparativo_planos_line_price\"><select id=\"periodicidade\" style=\"padding: 7px;\" onchange=\"altera_periodicidade()\"><option value=\"1\">Mensal<\/option><option value=\"2\">Trimestral (3% de desconto)<\/option><option value=\"3\">Semestral (5% de desconto)<\/option><option value=\"4\">Anual (16% de desconto)<\/option><\/select><\/td>\n<td class=\"comparativo_planos_line_price\"><span id=\"economico\">R$29,90<\/span><\/td>\n<td class=\"comparativo_planos_line_price\"><span id=\"wordpress\">R$33,90<\/span><\/td>\n<td class=\"comparativo_planos_line_price\"><span id=\"profissional\">R$39,90<\/span><\/td>\n<td class=\"comparativo_planos_line_price\"><span id=\"corporativo\">R$69,90<\/span><\/td>\n<\/tr>\n<tr>\n<td class=\"comparativo_planos_line_price\" valign=\"top\"><img loading=\"lazy\" class=\"alignright size-full wp-image-513\" src=\"http:\/\/www.locahost.com.br\/new\/wp-content\/uploads\/2014\/05\/ganhe_descontos.png\" alt=\"ganhe_descontos\" width=\"213\" height=\"43\" srcset=\"http:\/\/www.locahost.com.br\/new\/wp-content\/uploads\/2014\/05\/ganhe_descontos.png 213w, http:\/\/www.locahost.com.br\/new\/wp-content\/uploads\/2014\/05\/ganhe_descontos-207x43.png 207w\" sizes=\"(max-width: 213px) 100vw, 213px\" \/><\/td>\n<td class=\"comparativo_planos_line_price\"><a href=\"http:\/\/www.locahost.com.br\/new\/produtos-e-servicos\/hospedagem-de-sites\/inscricao-hospedagem\/\" title=\"Inscri\u00e7\u00e3o Hospedagem\"><input class=\"comparativo_planos_button\" type=\"button\" value=\"Assine J\u00e1!\" \/><\/a><\/td>\n<td class=\"comparativo_planos_line_price\"><a href=\"http:\/\/www.locahost.com.br\/new\/produtos-e-servicos\/hospedagem-de-sites\/inscricao-hospedagem\/\" title=\"Inscri\u00e7\u00e3o Hospedagem\"><input class=\"comparativo_planos_button\" type=\"button\" value=\"Assine J\u00e1!\"\/><\/a><\/td>\n<td class=\"comparativo_planos_line_price\"><a href=\"http:\/\/www.locahost.com.br\/new\/produtos-e-servicos\/hospedagem-de-sites\/inscricao-hospedagem\/\" title=\"Inscri\u00e7\u00e3o Hospedagem\"><input class=\"comparativo_planos_button\" type=\"button\" value=\"Assine J\u00e1!\"\/><\/a><\/td>\n<td class=\"comparativo_planos_line_price\"><a href=\"http:\/\/www.locahost.com.br\/new\/produtos-e-servicos\/hospedagem-de-sites\/inscricao-hospedagem\/\" title=\"Inscri\u00e7\u00e3o Hospedagem\"><input class=\"comparativo_planos_button\" type=\"button\" value=\"Assine J\u00e1!\"\/><\/a><\/td>\n<\/tr>\n<\/tbody>\n<\/table>\n","protected":false},"excerpt":{"rendered":"<p>Escolha o plano de hospedagem de sites que atenda melhor a sua necessidade. &nbsp; Comparativo entre planos &nbsp; Econ\u00f4mico WordPress Profissional Corporativo Espa\u00e7o em Disco 2GB 5GB 10GB 30GB Transfer\u00eancia Mensal 15GB 15GB 25GB 50GB Contas de E-mail 20 30 50 80 Apontamento de Dominios 1 3 10 20 Subdom\u00ednios 1 1 10 20 Bancos [&hellip;]<\/p>\n","protected":false},"author":1,"featured_media":0,"parent":106,"menu_order":0,"comment_status":"closed","ping_status":"closed","template":"page-full.php","meta":[],"_links":{"self":[{"href":"http:\/\/www.locahost.com.br\/new\/wp-json\/wp\/v2\/pages\/245"}],"collection":[{"href":"http:\/\/www.locahost.com.br\/new\/wp-json\/wp\/v2\/pages"}],"about":[{"href":"http:\/\/www.locahost.com.br\/new\/wp-json\/wp\/v2\/types\/page"}],"author":[{"embeddable":true,"href":"http:\/\/www.locahost.com.br\/new\/wp-json\/wp\/v2\/users\/1"}],"replies":[{"embeddable":true,"href":"http:\/\/www.locahost.com.br\/new\/wp-json\/wp\/v2\/comments?post=245"}],"version-history":[{"count":102,"href":"http:\/\/www.locahost.com.br\/new\/wp-json\/wp\/v2\/pages\/245\/revisions"}],"predecessor-version":[{"id":593,"href":"http:\/\/www.locahost.com.br\/new\/wp-json\/wp\/v2\/pages\/245\/revisions\/593"}],"up":[{"embeddable":true,"href":"http:\/\/www.locahost.com.br\/new\/wp-json\/wp\/v2\/pages\/106"}],"wp:attachment":[{"href":"http:\/\/www.locahost.com.br\/new\/wp-json\/wp\/v2\/media?parent=245"}],"curies":[{"name":"wp","href":"https:\/\/api.w.org\/{rel}","templated":true}]}}