{"id":116,"date":"2014-05-07T16:30:44","date_gmt":"2014-05-07T19:30:44","guid":{"rendered":"http:\/\/www.locahost.com.br\/new\/?page_id=116"},"modified":"2014-10-06T14:15:25","modified_gmt":"2014-10-06T17:15:25","slug":"registro-de-dominios-gratis","status":"publish","type":"page","link":"http:\/\/www.locahost.com.br\/new\/produtos-e-servicos\/registro-de-dominios-gratis\/","title":{"rendered":"Registro de Dom\u00ednios"},"content":{"rendered":"<p>A Locahost registra o seu dom\u00ednio gratuitamente desde que voc\u00ea assine um plano de hospedagem e permane\u00e7a 1 ano com o servi\u00e7o ativo.<\/p>\n<p>N\u00e3o perca tempo e registre o dom\u00ednio que deseja agora mesmo, antes que outra pessoa o fa\u00e7a.<\/p>\n<p>&nbsp;<\/p>\n<div class='et-learn-more clearfix'>\n\t\t\t\t\t<h3 class='heading-more'>O que \u00e9 dom\u00ednio?<span class='et_learnmore_arrow'><span><\/span><\/span><\/h3>\n\t\t\t\t\t<div class='learn-more-content'>Dom\u00ednio \u00e9 o nome do seu site na internet (www.suaempresa.com.br). Para voc\u00ea ter direito ao dom\u00ednio com seu nome, voc\u00ea precisa registr\u00e1-lo no \u00f3rg\u00e3o competente, vari\u00e1vel para cada tipo de dom\u00ednio.<\/p>\n<p>A Locahost pode efetuar o registro para voc\u00ea no Brasil e no exterior. Basta preencher o formul\u00e1rio com os dados solicitados.<\/div>\n\t\t\t\t<\/div>\n<div class='et-learn-more clearfix'>\n\t\t\t\t\t<h3 class='heading-more'>O que \u00e9 necess\u00e1rio para registrar um dom\u00ednio?<span class='et_learnmore_arrow'><span><\/span><\/span><\/h3>\n\t\t\t\t\t<div class='learn-more-content'>Para registrar um dom\u00ednio, s\u00e3o necess\u00e1rios pelo menos 2 servidores DNS&#8217;s conectados \u00e0 internet e j\u00e1 configurados para o dom\u00ednio a ser registrado.<\/p>\n<p>A Locahost disponibiliza seus servidores, configurando os DNS&#8217;s de forma a responder por seu dom\u00ednio e viabilizar o registro.<\/p>\n<p><strong>No Brasil<\/strong><\/p>\n<p>Voc\u00ea pode registrar seu dom\u00ednio no Brasil com uma grande variedade de extens\u00f5es (.com.br, .ind.br, .art.br, etc). Para registrar um dom\u00ednio como pessoa f\u00edsica \u00e9 necess\u00e1rio possuir um CPF v\u00e1lido. Para registrar como pessoa jur\u00eddica, \u00e9 necess\u00e1rio um CNPJ v\u00e1lido.<\/p>\n<p>Consulte o site do <a href=\"http:\/\/www.registro.br\" target=\"_blank\">Registro.br<\/a> para obter todas as informa\u00e7\u00f5es necess\u00e1rias sobre os dom\u00ednios e as extens\u00f5es dispon\u00edveis no Brasil.<\/p>\n<p><strong>Nos Estados Unidos<\/strong><\/p>\n<p>As extens\u00f5es mais conhecidas nos Estados Unidos s\u00e3o: .com, .net e .org.<\/p>\n<p>N\u00e3o \u00e9 necess\u00e1rio nenhum documento para efetuar o registro do seu dom\u00ednio com estas extens\u00f5es.<\/p>\n<p><strong>Outros lugares do mundo<\/strong><\/p>\n<p>Podemos registrar o seu dom\u00ednio em qualquer pa\u00eds do mundo. Se tiver essa necessidade, consulte-nos sem compromisso.<\/div>\n\t\t\t\t<\/div>\n<div class='et-learn-more clearfix'>\n\t\t\t\t\t<h3 class='heading-more'>O que \u00e9 DNS?<span class='et_learnmore_arrow'><span><\/span><\/span><\/h3>\n\t\t\t\t\t<div class='learn-more-content'>DNS quer dizer Domain Name system, e ele \u00e9 respons\u00e1vel por traduzir o nome do seu dom\u00ednio (www.suampresa.com.br) para o endere\u00e7o f\u00edsico do servidor, que \u00e9 um n\u00famero de IP (por exemplo 64.91.254.243).<\/p>\n<p>Para ter seu dom\u00ednio registrado, voc\u00ea precisa de um servidor com o DNS configurado para o seu dom\u00ednio.<\/p>\n<p>A Locahost fornece os DNS para o seu dom\u00ednio, no momento do registro, e ele estar\u00e1 associado ao seu plano de hospedagem.<\/div>\n\t\t\t\t<\/div>\n<p><center><a class=\"small-button smallsilver\" style=\"font-size: 18px;\" href=\"http:\/\/www.locahost.com.br\/new\/produtos-e-servicos\/registro-de-dominios-gratis\/inscricao-registro-de-dominio\/\">Registre j\u00e1 seu dom\u00ednio!<\/a><\/center><\/p>\n","protected":false},"excerpt":{"rendered":"<p>A Locahost registra o seu dom\u00ednio gratuitamente desde que voc\u00ea assine um plano de hospedagem e permane\u00e7a 1 ano com o servi\u00e7o ativo. N\u00e3o perca tempo e registre o dom\u00ednio que deseja agora mesmo, antes que outra pessoa o fa\u00e7a. &nbsp; Registre j\u00e1 seu dom\u00ednio!<\/p>\n","protected":false},"author":1,"featured_media":0,"parent":106,"menu_order":5,"comment_status":"closed","ping_status":"closed","template":"page-full.php","meta":[],"_links":{"self":[{"href":"http:\/\/www.locahost.com.br\/new\/wp-json\/wp\/v2\/pages\/116"}],"collection":[{"href":"http:\/\/www.locahost.com.br\/new\/wp-json\/wp\/v2\/pages"}],"about":[{"href":"http:\/\/www.locahost.com.br\/new\/wp-json\/wp\/v2\/types\/page"}],"author":[{"embeddable":true,"href":"http:\/\/www.locahost.com.br\/new\/wp-json\/wp\/v2\/users\/1"}],"replies":[{"embeddable":true,"href":"http:\/\/www.locahost.com.br\/new\/wp-json\/wp\/v2\/comments?post=116"}],"version-history":[{"count":16,"href":"http:\/\/www.locahost.com.br\/new\/wp-json\/wp\/v2\/pages\/116\/revisions"}],"predecessor-version":[{"id":528,"href":"http:\/\/www.locahost.com.br\/new\/wp-json\/wp\/v2\/pages\/116\/revisions\/528"}],"up":[{"embeddable":true,"href":"http:\/\/www.locahost.com.br\/new\/wp-json\/wp\/v2\/pages\/106"}],"wp:attachment":[{"href":"http:\/\/www.locahost.com.br\/new\/wp-json\/wp\/v2\/media?parent=116"}],"curies":[{"name":"wp","href":"https:\/\/api.w.org\/{rel}","templated":true}]}}