{"id":112,"date":"2014-05-07T16:30:17","date_gmt":"2014-05-07T19:30:17","guid":{"rendered":"http:\/\/www.locahost.com.br\/new\/?page_id=112"},"modified":"2014-10-06T14:15:18","modified_gmt":"2014-10-06T17:15:18","slug":"servidores-vps","status":"publish","type":"page","link":"http:\/\/www.locahost.com.br\/new\/produtos-e-servicos\/servidores-vps\/","title":{"rendered":"Servidores VPS"},"content":{"rendered":"<p>O VPS da Locahost \u00e9 a solu\u00e7\u00e3o ideal para clientes que exigem o controle de um servidor dedicado, combinado com a acessibilidade e a simplicidade de uma tradicional conta de hospedagem compartilhada.<\/p>\n<p>Veja abaixo nossos planos VPS, podendo ser plataforma Linux ou Windows:<\/p>\n<p>&nbsp;<\/p>\n<h2><span style=\"color: #ff6600;\">Comparativo entre planos<\/span><\/h2>\n<p>&nbsp;<\/p>\n<table width=\"100%\">\n<tbody>\n<tr>\n<td class=\"comparativo_planos_header\"><\/td>\n<td class=\"comparativo_planos_header\"><strong>VPS 2GB<\/strong><\/td>\n<td class=\"comparativo_planos_header\"><strong>VPS 4GB<\/strong><\/td>\n<td class=\"comparativo_planos_header\"><strong>VPS 8GB<\/strong><\/td>\n<td class=\"comparativo_planos_header\"><strong>VPS 16GB<\/strong><\/td>\n<\/tr>\n<tr>\n<td class=\"comparativo_planos_line_title\">Mem\u00f3ria Ram<\/td>\n<td class=\"comparativo_planos_line_content\">2GB<\/td>\n<td class=\"comparativo_planos_line_content\">4GB<\/td>\n<td class=\"comparativo_planos_line_content\">8GB<\/td>\n<td class=\"comparativo_planos_line_content\">16GB<\/td>\n<\/tr>\n<tr>\n<td class=\"comparativo_planos_line_title\">CPU&#8217;s<\/td>\n<td class=\"comparativo_planos_line_content\">1<\/td>\n<td class=\"comparativo_planos_line_content\">2<\/td>\n<td class=\"comparativo_planos_line_content\">4<\/td>\n<td class=\"comparativo_planos_line_content\">4<\/td>\n<\/tr>\n<tr>\n<td class=\"comparativo_planos_line_title\">Espa\u00e7o em Disco<\/td>\n<td class=\"comparativo_planos_line_content\">150GB<\/td>\n<td class=\"comparativo_planos_line_content\">300GB<\/td>\n<td class=\"comparativo_planos_line_content\">600GB<\/td>\n<td class=\"comparativo_planos_line_content\">750GB<\/td>\n<\/tr>\n<tr>\n<td class=\"comparativo_planos_line_title\">Bancos de Dados MySQL<\/td>\n<td class=\"comparativo_planos_line_content\"><img src=\"http:\/\/www.locahost.com.br\/new\/wp-content\/uploads\/2014\/05\/yes.png\" alt=\"\" \/><\/td>\n<td class=\"comparativo_planos_line_content\"><img src=\"http:\/\/www.locahost.com.br\/new\/wp-content\/uploads\/2014\/05\/yes.png\" alt=\"\" \/><\/td>\n<td class=\"comparativo_planos_line_content\"><img src=\"http:\/\/www.locahost.com.br\/new\/wp-content\/uploads\/2014\/05\/yes.png\" alt=\"\" \/><\/td>\n<td class=\"comparativo_planos_line_content\"><img src=\"http:\/\/www.locahost.com.br\/new\/wp-content\/uploads\/2014\/05\/yes.png\" alt=\"\" \/><\/td>\n<\/tr>\n<tr>\n<td class=\"comparativo_planos_line_title\">Bancos de Dados SQLServer<\/td>\n<td class=\"comparativo_planos_line_content\"><img src=\"http:\/\/www.locahost.com.br\/new\/wp-content\/uploads\/2014\/05\/no.png\" alt=\"\" \/><\/td>\n<td class=\"comparativo_planos_line_content\"><img src=\"http:\/\/www.locahost.com.br\/new\/wp-content\/uploads\/2014\/05\/yes.png\" alt=\"\" \/><\/td>\n<td class=\"comparativo_planos_line_content\"><img src=\"http:\/\/www.locahost.com.br\/new\/wp-content\/uploads\/2014\/05\/yes.png\" alt=\"\" \/><\/td>\n<td class=\"comparativo_planos_line_content\"><img src=\"http:\/\/www.locahost.com.br\/new\/wp-content\/uploads\/2014\/05\/yes.png\" alt=\"\" \/><\/td>\n<\/tr>\n<tr>\n<td class=\"comparativo_planos_line_title\">Painel de Controle cPanel e Plesk<\/td>\n<td class=\"comparativo_planos_line_content\"><img src=\"http:\/\/www.locahost.com.br\/new\/wp-content\/uploads\/2014\/05\/yes.png\" alt=\"\" \/><\/td>\n<td class=\"comparativo_planos_line_content\"><img src=\"http:\/\/www.locahost.com.br\/new\/wp-content\/uploads\/2014\/05\/yes.png\" alt=\"\" \/><\/td>\n<td class=\"comparativo_planos_line_content\"><img src=\"http:\/\/www.locahost.com.br\/new\/wp-content\/uploads\/2014\/05\/yes.png\" alt=\"\" \/><\/td>\n<td class=\"comparativo_planos_line_content\"><img src=\"http:\/\/www.locahost.com.br\/new\/wp-content\/uploads\/2014\/05\/yes.png\" alt=\"\" \/><\/td>\n<\/tr>\n<tr>\n<td class=\"comparativo_planos_line_title\">Valor Linux Mensal<\/td>\n<td class=\"comparativo_planos_line_content\">R$249,90<\/td>\n<td class=\"comparativo_planos_line_content\">R$379,90<\/td>\n<td class=\"comparativo_planos_line_content\">R$629,90<\/td>\n<td class=\"comparativo_planos_line_content\">R$899,90<\/td>\n<\/tr>\n<tr>\n<td class=\"comparativo_planos_line_title\">Valor Windows Mensal<\/td>\n<td class=\"comparativo_planos_line_content\">R$279,90<\/td>\n<td class=\"comparativo_planos_line_content\">R$429,90<\/td>\n<td class=\"comparativo_planos_line_content\">R$739,90<\/td>\n<td class=\"comparativo_planos_line_content\">R$990,90<\/td>\n<\/tr>\n<\/tbody>\n<\/table>\n<p>&nbsp;<br \/>\n&nbsp;<br \/>\nEntre em contato conosco e solicite um or\u00e7amento personalizado para sua necessidade!<br \/>\n<b>(11) 2574-5769<\/b><\/p>\n","protected":false},"excerpt":{"rendered":"<p>O VPS da Locahost \u00e9 a solu\u00e7\u00e3o ideal para clientes que exigem o controle de um servidor dedicado, combinado com a acessibilidade e a simplicidade de uma tradicional conta de hospedagem compartilhada. Veja abaixo nossos planos VPS, podendo ser plataforma Linux ou Windows: &nbsp; Comparativo entre planos &nbsp; VPS 2GB VPS 4GB VPS 8GB VPS [&hellip;]<\/p>\n","protected":false},"author":1,"featured_media":0,"parent":106,"menu_order":3,"comment_status":"closed","ping_status":"closed","template":"page-full.php","meta":[],"_links":{"self":[{"href":"http:\/\/www.locahost.com.br\/new\/wp-json\/wp\/v2\/pages\/112"}],"collection":[{"href":"http:\/\/www.locahost.com.br\/new\/wp-json\/wp\/v2\/pages"}],"about":[{"href":"http:\/\/www.locahost.com.br\/new\/wp-json\/wp\/v2\/types\/page"}],"author":[{"embeddable":true,"href":"http:\/\/www.locahost.com.br\/new\/wp-json\/wp\/v2\/users\/1"}],"replies":[{"embeddable":true,"href":"http:\/\/www.locahost.com.br\/new\/wp-json\/wp\/v2\/comments?post=112"}],"version-history":[{"count":10,"href":"http:\/\/www.locahost.com.br\/new\/wp-json\/wp\/v2\/pages\/112\/revisions"}],"predecessor-version":[{"id":506,"href":"http:\/\/www.locahost.com.br\/new\/wp-json\/wp\/v2\/pages\/112\/revisions\/506"}],"up":[{"embeddable":true,"href":"http:\/\/www.locahost.com.br\/new\/wp-json\/wp\/v2\/pages\/106"}],"wp:attachment":[{"href":"http:\/\/www.locahost.com.br\/new\/wp-json\/wp\/v2\/media?parent=112"}],"curies":[{"name":"wp","href":"https:\/\/api.w.org\/{rel}","templated":true}]}}